{"id":5128,"date":"2023-10-19T16:44:34","date_gmt":"2023-10-19T14:44:34","guid":{"rendered":"https:\/\/retbaa.com\/produit\/bougie-marche-dadjame\/"},"modified":"2024-05-06T22:14:04","modified_gmt":"2024-05-06T20:14:04","slug":"bougie-marche-dadjame","status":"publish","type":"product","link":"https:\/\/retbaa.com\/fr\/produit\/bougie-marche-dadjame\/","title":{"rendered":"Bougie March\u00e9 d&#8217;Adjam\u00e9"},"content":{"rendered":"[vc_row type=&#8221;full_width_background&#8221; full_screen_row_position=&#8221;middle&#8221; column_margin=&#8221;default&#8221; column_direction=&#8221;default&#8221; column_direction_tablet=&#8221;default&#8221; column_direction_phone=&#8221;default&#8221; scene_position=&#8221;center&#8221; text_color=&#8221;dark&#8221; text_align=&#8221;center&#8221; row_border_radius=&#8221;none&#8221; row_border_radius_applies=&#8221;bg&#8221; overflow=&#8221;visible&#8221; advanced_gradient_angle=&#8221;0&#8243; overlay_strength=&#8221;0.3&#8243; gradient_direction=&#8221;left_to_right&#8221; shape_divider_position=&#8221;bottom&#8221; bg_image_animation=&#8221;none&#8221; gradient_type=&#8221;default&#8221; shape_type=&#8221;&#8221;][vc_column column_padding=&#8221;no-extra-padding&#8221; column_padding_tablet=&#8221;inherit&#8221; column_padding_phone=&#8221;inherit&#8221; column_padding_position=&#8221;all&#8221; column_element_spacing=&#8221;default&#8221; background_color_opacity=&#8221;1&#8243; background_hover_color_opacity=&#8221;1&#8243; column_shadow=&#8221;none&#8221; column_border_radius=&#8221;none&#8221; column_link_target=&#8221;_self&#8221; column_position=&#8221;default&#8221; gradient_direction=&#8221;left_to_right&#8221; overlay_strength=&#8221;0.3&#8243; width=&#8221;1\/1&#8243; tablet_width_inherit=&#8221;default&#8221; tablet_text_alignment=&#8221;default&#8221; phone_text_alignment=&#8221;default&#8221; animation_type=&#8221;default&#8221; bg_image_animation=&#8221;none&#8221; border_type=&#8221;simple&#8221; column_border_width=&#8221;none&#8221; column_border_style=&#8221;solid&#8221;][split_line_heading animation_type=&#8221;line-reveal-by-space&#8221; font_style=&#8221;h1&#8243; line_reveal_by_space_text_effect=&#8221;none&#8221; content_alignment=&#8221;center&#8221; mobile_content_alignment=&#8221;center&#8221; link_target=&#8221;_self&#8221; text_content=&#8221;Vous pouvez aussi aimer&#8221; font_size=&#8221;50&#8243;][\/split_line_heading][nectar_woo_products product_type=&#8221;best_selling&#8221; category=&#8221;all&#8221; columns=&#8221;3&#8243; flickity_mobile_column_width=&#8221;100%&#8221; orderby=&#8221;date&#8221; order=&#8221;ASC&#8221; per_page=&#8221;3&#8243;][\/vc_column][\/vc_row][vc_row type=&#8221;full_width_content&#8221; full_screen_row_position=&#8221;middle&#8221; column_margin=&#8221;default&#8221; column_direction=&#8221;default&#8221; column_direction_tablet=&#8221;default&#8221; column_direction_phone=&#8221;default&#8221; scene_position=&#8221;center&#8221; top_padding=&#8221;15%&#8221; bottom_padding=&#8221;5%&#8221; text_color=&#8221;dark&#8221; text_align=&#8221;left&#8221; row_border_radius=&#8221;none&#8221; row_border_radius_applies=&#8221;bg&#8221; overflow=&#8221;visible&#8221; class=&#8221;button-informations&#8221; advanced_gradient_angle=&#8221;0&#8243; overlay_strength=&#8221;0.3&#8243; gradient_direction=&#8221;left_to_right&#8221; shape_divider_position=&#8221;bottom&#8221; bg_image_animation=&#8221;none&#8221; gradient_type=&#8221;default&#8221; shape_type=&#8221;&#8221;][vc_column column_padding=&#8221;no-extra-padding&#8221; column_padding_tablet=&#8221;inherit&#8221; column_padding_phone=&#8221;inherit&#8221; column_padding_position=&#8221;all&#8221; column_element_spacing=&#8221;default&#8221; background_color_opacity=&#8221;1&#8243; background_hover_color_opacity=&#8221;1&#8243; column_shadow=&#8221;none&#8221; column_border_radius=&#8221;none&#8221; column_link_target=&#8221;_self&#8221; column_position=&#8221;default&#8221; gradient_direction=&#8221;left_to_right&#8221; overlay_strength=&#8221;0.3&#8243; width=&#8221;1\/1&#8243; tablet_width_inherit=&#8221;default&#8221; tablet_text_alignment=&#8221;default&#8221; phone_text_alignment=&#8221;default&#8221; animation_type=&#8221;default&#8221; bg_image_animation=&#8221;none&#8221; border_type=&#8221;simple&#8221; column_border_width=&#8221;none&#8221; column_border_style=&#8221;solid&#8221;][vc_row_inner content_placement=&#8221;middle&#8221; column_margin=&#8221;default&#8221; column_direction=&#8221;default&#8221; column_direction_tablet=&#8221;default&#8221; column_direction_phone=&#8221;default&#8221; text_align=&#8221;center&#8221; row_position=&#8221;default&#8221; row_position_tablet=&#8221;inherit&#8221; row_position_phone=&#8221;inherit&#8221; class=&#8221;button-informations&#8221; overflow=&#8221;visible&#8221; pointer_events=&#8221;all&#8221;][vc_column_inner column_padding=&#8221;no-extra-padding&#8221; column_padding_tablet=&#8221;inherit&#8221; column_padding_phone=&#8221;inherit&#8221; column_padding_position=&#8221;all&#8221; column_element_spacing=&#8221;default&#8221; background_color_opacity=&#8221;1&#8243; background_hover_color_opacity=&#8221;1&#8243; column_shadow=&#8221;none&#8221; column_border_radius=&#8221;none&#8221; column_link_target=&#8221;_self&#8221; gradient_direction=&#8221;left_to_right&#8221; overlay_strength=&#8221;0.3&#8243; width=&#8221;1\/3&#8243; tablet_width_inherit=&#8221;default&#8221; animation_type=&#8221;default&#8221; bg_image_animation=&#8221;none&#8221; border_type=&#8221;simple&#8221; column_border_width=&#8221;none&#8221; column_border_style=&#8221;solid&#8221;][split_line_heading animation_type=&#8221;line-reveal-by-space&#8221; font_style=&#8221;h4&#8243; line_reveal_by_space_text_effect=&#8221;none&#8221; content_alignment=&#8221;center&#8221; mobile_content_alignment=&#8221;center&#8221; link_target=&#8221;_self&#8221; text_content=&#8221;Paiement s\u00e9curis\u00e9&#8221; font_size=&#8221;30&#8243;][\/split_line_heading][vc_column_text max_width=&#8221;350&#8243;]\n<p style=\"text-align: center; color: #b1b1b0; font-size: 19px; line-height: 130%;\">Les meilleurs syst\u00e8mes de paiement pour garantir la s\u00e9curit\u00e9 de vos transactions.<\/p>\n[\/vc_column_text][\/vc_column_inner][vc_column_inner column_padding=&#8221;no-extra-padding&#8221; column_padding_tablet=&#8221;inherit&#8221; column_padding_phone=&#8221;inherit&#8221; column_padding_position=&#8221;all&#8221; column_element_spacing=&#8221;default&#8221; background_color_opacity=&#8221;1&#8243; background_hover_color_opacity=&#8221;1&#8243; column_shadow=&#8221;none&#8221; column_border_radius=&#8221;none&#8221; column_link_target=&#8221;_self&#8221; gradient_direction=&#8221;left_to_right&#8221; overlay_strength=&#8221;0.3&#8243; width=&#8221;1\/3&#8243; tablet_width_inherit=&#8221;default&#8221; animation_type=&#8221;default&#8221; bg_image_animation=&#8221;none&#8221; border_type=&#8221;simple&#8221; column_border_width=&#8221;none&#8221; column_border_style=&#8221;solid&#8221;][split_line_heading animation_type=&#8221;line-reveal-by-space&#8221; font_style=&#8221;h4&#8243; line_reveal_by_space_text_effect=&#8221;none&#8221; content_alignment=&#8221;center&#8221; mobile_content_alignment=&#8221;center&#8221; link_target=&#8221;_self&#8221; text_content=&#8221;Un service client de qualit\u00e9&#8221; font_size=&#8221;30&#8243;][\/split_line_heading][vc_column_text max_width=&#8221;350&#8243;]\n<p style=\"text-align: center; color: #b1b1b0; font-size: 19px; line-height: 130%;\">Pour garantir les meilleurs d\u00e9lais de livraison et r\u00e9pondre \u00e0 toutes vos questions.<\/p>\n[\/vc_column_text][\/vc_column_inner][vc_column_inner column_padding=&#8221;no-extra-padding&#8221; column_padding_tablet=&#8221;inherit&#8221; column_padding_phone=&#8221;inherit&#8221; column_padding_position=&#8221;all&#8221; column_element_spacing=&#8221;default&#8221; background_color_opacity=&#8221;1&#8243; background_hover_color_opacity=&#8221;1&#8243; column_shadow=&#8221;none&#8221; column_border_radius=&#8221;none&#8221; column_link_target=&#8221;_self&#8221; gradient_direction=&#8221;left_to_right&#8221; overlay_strength=&#8221;0.3&#8243; width=&#8221;1\/3&#8243; tablet_width_inherit=&#8221;default&#8221; animation_type=&#8221;default&#8221; bg_image_animation=&#8221;none&#8221; border_type=&#8221;simple&#8221; column_border_width=&#8221;none&#8221; column_border_style=&#8221;solid&#8221;][split_line_heading animation_type=&#8221;line-reveal-by-space&#8221; font_style=&#8221;h4&#8243; line_reveal_by_space_text_effect=&#8221;none&#8221; content_alignment=&#8221;center&#8221; mobile_content_alignment=&#8221;center&#8221; link_target=&#8221;_self&#8221; text_content=&#8221;Des produits exceptionnels&#8221; font_size=&#8221;30&#8243;][\/split_line_heading][vc_column_text max_width=&#8221;350&#8243;]\n<p style=\"text-align: center; color: #b1b1b0; font-size: 19px; line-height: 130%;\">Fabriqu\u00e9s avec soin, nous veillons \u00e0 ce que chaque produit r\u00e9ponde \u00e0 des attentes exceptionnelles.<\/p>\n[\/vc_column_text][\/vc_column_inner][\/vc_row_inner][\/vc_column][\/vc_row][vc_row type=&#8221;full_width_content&#8221; full_screen_row_position=&#8221;middle&#8221; column_margin=&#8221;default&#8221; column_direction=&#8221;default&#8221; column_direction_tablet=&#8221;default&#8221; column_direction_phone=&#8221;default&#8221; scene_position=&#8221;center&#8221; text_color=&#8221;dark&#8221; text_align=&#8221;left&#8221; row_border_radius=&#8221;none&#8221; row_border_radius_applies=&#8221;bg&#8221; overflow=&#8221;visible&#8221; advanced_gradient_angle=&#8221;0&#8243; overlay_strength=&#8221;0.3&#8243; gradient_direction=&#8221;left_to_right&#8221; shape_divider_position=&#8221;bottom&#8221; bg_image_animation=&#8221;none&#8221; gradient_type=&#8221;default&#8221; shape_type=&#8221;&#8221;][vc_column column_padding=&#8221;no-extra-padding&#8221; column_padding_tablet=&#8221;inherit&#8221; column_padding_phone=&#8221;inherit&#8221; column_padding_position=&#8221;all&#8221; column_element_spacing=&#8221;default&#8221; background_color_opacity=&#8221;1&#8243; background_hover_color_opacity=&#8221;1&#8243; column_shadow=&#8221;none&#8221; column_border_radius=&#8221;none&#8221; column_link_target=&#8221;_self&#8221; column_position=&#8221;default&#8221; gradient_direction=&#8221;left_to_right&#8221; overlay_strength=&#8221;0.3&#8243; width=&#8221;1\/1&#8243; tablet_width_inherit=&#8221;default&#8221; tablet_text_alignment=&#8221;default&#8221; phone_text_alignment=&#8221;default&#8221; animation_type=&#8221;default&#8221; bg_image_animation=&#8221;none&#8221; border_type=&#8221;simple&#8221; column_border_width=&#8221;none&#8221; column_border_style=&#8221;solid&#8221;][vc_raw_html]PGRpdiBjbGFzcz0iaW5mb3JtYXRpb25zLWNvbnRhaW5lciI+CiA8ZGl2IGNsYXNzPSJ0aXRsZS1pbmZvcm1hdGlvbnMtY29udGFpbmVyIj5QYWllbWVudCBzw6ljdXJpc8OpPC9kaXY+CiA8ZGl2IGNsYXNzPSJ0aXRsZS1pbmZvcm1hdGlvbnMtY29udGFpbmVyIj5zZXJ2aWNlIGNsaWVudMOobGU8L2Rpdj4KIDxkaXYgY2xhc3M9InRpdGxlLWluZm9ybWF0aW9ucy1jb250YWluZXIiPkRlcyBwcm9kdWl0cyBleGNlcHRpb25uZWxzPC9kaXY+CjwvZGl2Pg==[\/vc_raw_html][\/vc_column][\/vc_row]\n","protected":false},"excerpt":{"rendered":"<div class=\"product-page-info-section\">\n<div>Des ar\u00f4mes de senteurs gourmandes et fruit\u00e9es, d\u00e9licatement enlac\u00e9es par des notes de cacao et de vanille, vous transportent au c\u0153ur d&#8217;une matin\u00e9e au march\u00e9 d&#8217;Adjam\u00e9 \u00e0 Abidjan. L&#8217;\u00e9clat et la richesse des \u00e9tals color\u00e9s sont parfaitement retranscrits dans cette symphonie parfum\u00e9e.<\/div>\n<\/div>\n<div><\/div>\n<div class=\"product-page-info-section\">\n<p>La cire est 100% v\u00e9g\u00e9tale. Elle peut m\u00eame \u00eatre utilis\u00e9e comme huile de massage !<br \/>\nNos m\u00e8ches sont en pur coton pour une qualit\u00e9 de combustion optimale.<br \/>\nLe conteneur est fait de b\u00e9ton et de c\u00e9ramique.<\/p>\n<p class=\"p1\">Emball\u00e9 dans sa bo\u00eete cadeau avec une bo\u00eete d&#8217;allumettes incluse.<\/p>\n<p><script>\n    function showWindow(windowNumber) {\n        \/\/ Hide all sentences\n        for (var i = 1; i <= 3; i++) { var sentence = document.getElementById('sentence' + i); sentence.style.display = 'none'; } \/\/ Reset title colors var titles = document.querySelectorAll('h3'); for (var i = 0; i <titles.length; i++) { titles[i].className = 'inactive-title'; } \/\/ Display the selected sentence var selectedSentence = document.getElementById('sentence' + windowNumber); selectedSentence.style.display = 'block'; \/\/ Set the selected title to black var selectedTitle = document.querySelector('h3.active-title'); if (selectedTitle) { selectedTitle.className = 'inactive-title'; } titles[windowNumber - 1].className = 'active-title'; } \/\/ Show the first sentence when the page loads showWindow(1); <\/script><\/p>\n<\/div>\n","protected":false},"featured_media":4943,"template":"","meta":{"_themeisle_gutenberg_block_has_review":false},"product_cat":[70,66],"product_tag":[],"yoast_head":"<!-- This site is optimized with the Yoast SEO plugin v22.8 - https:\/\/yoast.com\/wordpress\/plugins\/seo\/ -->\n<title>Bougie March\u00e9 d&#039;Adjam\u00e9 - Retbaa<\/title>\n<meta name=\"robots\" content=\"index, follow, max-snippet:-1, max-image-preview:large, max-video-preview:-1\" \/>\n<link rel=\"canonical\" href=\"https:\/\/retbaa.com\/fr\/produit\/bougie-marche-dadjame\/\" \/>\n<meta property=\"og:locale\" content=\"fr_FR\" \/>\n<meta property=\"og:type\" content=\"article\" \/>\n<meta property=\"og:title\" content=\"Bougie March\u00e9 d&#039;Adjam\u00e9 - Retbaa\" \/>\n<meta property=\"og:description\" content=\"Des ar\u00f4mes de senteurs gourmandes et fruit\u00e9es, d\u00e9licatement enlac\u00e9es par des notes de cacao et de vanille, vous transportent au c\u0153ur d&#039;une matin\u00e9e au march\u00e9 d&#039;Adjam\u00e9 \u00e0 Abidjan. L&#039;\u00e9clat et la richesse des \u00e9tals color\u00e9s sont parfaitement retranscrits dans cette symphonie parfum\u00e9e.   La cire est 100% v\u00e9g\u00e9tale. Elle peut m\u00eame \u00eatre utilis\u00e9e comme huile de massage ! Nos m\u00e8ches sont en pur coton pour une qualit\u00e9 de combustion optimale. Le conteneur est fait de b\u00e9ton et de c\u00e9ramique. Emball\u00e9 dans sa bo\u00eete cadeau avec une bo\u00eete d&#039;allumettes incluse.\" \/>\n<meta property=\"og:url\" content=\"https:\/\/retbaa.com\/fr\/produit\/bougie-marche-dadjame\/\" \/>\n<meta property=\"og:site_name\" content=\"Retbaa\" \/>\n<meta property=\"article:modified_time\" content=\"2024-05-06T20:14:04+00:00\" \/>\n<meta property=\"og:image\" content=\"https:\/\/retbaa.com\/wp-content\/uploads\/2023\/10\/Bougie_Orange1-scaled.webp\" \/>\n\t<meta property=\"og:image:width\" content=\"1981\" \/>\n\t<meta property=\"og:image:height\" content=\"2560\" \/>\n\t<meta property=\"og:image:type\" content=\"image\/webp\" \/>\n<meta name=\"twitter:card\" content=\"summary_large_image\" \/>\n<meta name=\"twitter:label1\" content=\"Dur\u00e9e de lecture estim\u00e9e\" \/>\n\t<meta name=\"twitter:data1\" content=\"5 minutes\" \/>\n<script type=\"application\/ld+json\" class=\"yoast-schema-graph\">{\"@context\":\"https:\/\/schema.org\",\"@graph\":[{\"@type\":\"WebPage\",\"@id\":\"https:\/\/retbaa.com\/fr\/produit\/bougie-marche-dadjame\/\",\"url\":\"https:\/\/retbaa.com\/fr\/produit\/bougie-marche-dadjame\/\",\"name\":\"Bougie March\u00e9 d'Adjam\u00e9 - Retbaa\",\"isPartOf\":{\"@id\":\"https:\/\/retbaa.com\/fr\/#website\"},\"primaryImageOfPage\":{\"@id\":\"https:\/\/retbaa.com\/fr\/produit\/bougie-marche-dadjame\/#primaryimage\"},\"image\":{\"@id\":\"https:\/\/retbaa.com\/fr\/produit\/bougie-marche-dadjame\/#primaryimage\"},\"thumbnailUrl\":\"https:\/\/retbaa.com\/wp-content\/uploads\/2023\/10\/Bougie_Orange1-scaled.webp\",\"datePublished\":\"2023-10-19T14:44:34+00:00\",\"dateModified\":\"2024-05-06T20:14:04+00:00\",\"breadcrumb\":{\"@id\":\"https:\/\/retbaa.com\/fr\/produit\/bougie-marche-dadjame\/#breadcrumb\"},\"inLanguage\":\"fr-FR\",\"potentialAction\":[{\"@type\":\"ReadAction\",\"target\":[\"https:\/\/retbaa.com\/fr\/produit\/bougie-marche-dadjame\/\"]}]},{\"@type\":\"ImageObject\",\"inLanguage\":\"fr-FR\",\"@id\":\"https:\/\/retbaa.com\/fr\/produit\/bougie-marche-dadjame\/#primaryimage\",\"url\":\"https:\/\/retbaa.com\/wp-content\/uploads\/2023\/10\/Bougie_Orange1-scaled.webp\",\"contentUrl\":\"https:\/\/retbaa.com\/wp-content\/uploads\/2023\/10\/Bougie_Orange1-scaled.webp\",\"width\":1981,\"height\":2560},{\"@type\":\"BreadcrumbList\",\"@id\":\"https:\/\/retbaa.com\/fr\/produit\/bougie-marche-dadjame\/#breadcrumb\",\"itemListElement\":[{\"@type\":\"ListItem\",\"position\":1,\"name\":\"Accueil\",\"item\":\"https:\/\/retbaa.com\/fr\/\"},{\"@type\":\"ListItem\",\"position\":2,\"name\":\"Boutique\",\"item\":\"https:\/\/retbaa.com\/fr\/boutique\/\"},{\"@type\":\"ListItem\",\"position\":3,\"name\":\"Bougie March\u00e9 d&#8217;Adjam\u00e9\"}]},{\"@type\":\"WebSite\",\"@id\":\"https:\/\/retbaa.com\/fr\/#website\",\"url\":\"https:\/\/retbaa.com\/fr\/\",\"name\":\"Retbaa\",\"description\":\"Sensory Odyssey\",\"potentialAction\":[{\"@type\":\"SearchAction\",\"target\":{\"@type\":\"EntryPoint\",\"urlTemplate\":\"https:\/\/retbaa.com\/fr\/?s={search_term_string}\"},\"query-input\":\"required name=search_term_string\"}],\"inLanguage\":\"fr-FR\"}]}<\/script>\n<!-- \/ Yoast SEO plugin. -->","yoast_head_json":{"title":"Bougie March\u00e9 d'Adjam\u00e9 - Retbaa","robots":{"index":"index","follow":"follow","max-snippet":"max-snippet:-1","max-image-preview":"max-image-preview:large","max-video-preview":"max-video-preview:-1"},"canonical":"https:\/\/retbaa.com\/fr\/produit\/bougie-marche-dadjame\/","og_locale":"fr_FR","og_type":"article","og_title":"Bougie March\u00e9 d'Adjam\u00e9 - Retbaa","og_description":"Des ar\u00f4mes de senteurs gourmandes et fruit\u00e9es, d\u00e9licatement enlac\u00e9es par des notes de cacao et de vanille, vous transportent au c\u0153ur d'une matin\u00e9e au march\u00e9 d'Adjam\u00e9 \u00e0 Abidjan. L'\u00e9clat et la richesse des \u00e9tals color\u00e9s sont parfaitement retranscrits dans cette symphonie parfum\u00e9e.   La cire est 100% v\u00e9g\u00e9tale. Elle peut m\u00eame \u00eatre utilis\u00e9e comme huile de massage ! Nos m\u00e8ches sont en pur coton pour une qualit\u00e9 de combustion optimale. Le conteneur est fait de b\u00e9ton et de c\u00e9ramique. Emball\u00e9 dans sa bo\u00eete cadeau avec une bo\u00eete d'allumettes incluse.","og_url":"https:\/\/retbaa.com\/fr\/produit\/bougie-marche-dadjame\/","og_site_name":"Retbaa","article_modified_time":"2024-05-06T20:14:04+00:00","og_image":[{"width":1981,"height":2560,"url":"https:\/\/retbaa.com\/wp-content\/uploads\/2023\/10\/Bougie_Orange1-scaled.webp","type":"image\/webp"}],"twitter_card":"summary_large_image","twitter_misc":{"Dur\u00e9e de lecture estim\u00e9e":"5 minutes"},"schema":{"@context":"https:\/\/schema.org","@graph":[{"@type":"WebPage","@id":"https:\/\/retbaa.com\/fr\/produit\/bougie-marche-dadjame\/","url":"https:\/\/retbaa.com\/fr\/produit\/bougie-marche-dadjame\/","name":"Bougie March\u00e9 d'Adjam\u00e9 - Retbaa","isPartOf":{"@id":"https:\/\/retbaa.com\/fr\/#website"},"primaryImageOfPage":{"@id":"https:\/\/retbaa.com\/fr\/produit\/bougie-marche-dadjame\/#primaryimage"},"image":{"@id":"https:\/\/retbaa.com\/fr\/produit\/bougie-marche-dadjame\/#primaryimage"},"thumbnailUrl":"https:\/\/retbaa.com\/wp-content\/uploads\/2023\/10\/Bougie_Orange1-scaled.webp","datePublished":"2023-10-19T14:44:34+00:00","dateModified":"2024-05-06T20:14:04+00:00","breadcrumb":{"@id":"https:\/\/retbaa.com\/fr\/produit\/bougie-marche-dadjame\/#breadcrumb"},"inLanguage":"fr-FR","potentialAction":[{"@type":"ReadAction","target":["https:\/\/retbaa.com\/fr\/produit\/bougie-marche-dadjame\/"]}]},{"@type":"ImageObject","inLanguage":"fr-FR","@id":"https:\/\/retbaa.com\/fr\/produit\/bougie-marche-dadjame\/#primaryimage","url":"https:\/\/retbaa.com\/wp-content\/uploads\/2023\/10\/Bougie_Orange1-scaled.webp","contentUrl":"https:\/\/retbaa.com\/wp-content\/uploads\/2023\/10\/Bougie_Orange1-scaled.webp","width":1981,"height":2560},{"@type":"BreadcrumbList","@id":"https:\/\/retbaa.com\/fr\/produit\/bougie-marche-dadjame\/#breadcrumb","itemListElement":[{"@type":"ListItem","position":1,"name":"Accueil","item":"https:\/\/retbaa.com\/fr\/"},{"@type":"ListItem","position":2,"name":"Boutique","item":"https:\/\/retbaa.com\/fr\/boutique\/"},{"@type":"ListItem","position":3,"name":"Bougie March\u00e9 d&#8217;Adjam\u00e9"}]},{"@type":"WebSite","@id":"https:\/\/retbaa.com\/fr\/#website","url":"https:\/\/retbaa.com\/fr\/","name":"Retbaa","description":"Sensory Odyssey","potentialAction":[{"@type":"SearchAction","target":{"@type":"EntryPoint","urlTemplate":"https:\/\/retbaa.com\/fr\/?s={search_term_string}"},"query-input":"required name=search_term_string"}],"inLanguage":"fr-FR"}]}},"_links":{"self":[{"href":"https:\/\/retbaa.com\/fr\/wp-json\/wp\/v2\/product\/5128"}],"collection":[{"href":"https:\/\/retbaa.com\/fr\/wp-json\/wp\/v2\/product"}],"about":[{"href":"https:\/\/retbaa.com\/fr\/wp-json\/wp\/v2\/types\/product"}],"wp:featuredmedia":[{"embeddable":true,"href":"https:\/\/retbaa.com\/fr\/wp-json\/wp\/v2\/media\/4943"}],"wp:attachment":[{"href":"https:\/\/retbaa.com\/fr\/wp-json\/wp\/v2\/media?parent=5128"}],"wp:term":[{"taxonomy":"product_cat","embeddable":true,"href":"https:\/\/retbaa.com\/fr\/wp-json\/wp\/v2\/product_cat?post=5128"},{"taxonomy":"product_tag","embeddable":true,"href":"https:\/\/retbaa.com\/fr\/wp-json\/wp\/v2\/product_tag?post=5128"}],"curies":[{"name":"wp","href":"https:\/\/api.w.org\/{rel}","templated":true}]}}